{"id":454,"date":"2022-02-20T12:15:49","date_gmt":"2022-02-20T12:15:49","guid":{"rendered":"https:\/\/ik9i.com\/fi\/?page_id=454"},"modified":"2024-12-01T15:27:47","modified_gmt":"2024-12-01T15:27:47","slug":"tanja-karpela","status":"publish","type":"page","link":"https:\/\/ik9i.com\/fi\/tanja-karpela\/","title":{"rendered":"Tanja Karpela"},"content":{"rendered":"<p>[et_pb_section fb_built=&#8221;1&#8243; admin_label=&#8221;Hero&#8221; _builder_version=&#8221;4.16&#8243; use_background_color_gradient=&#8221;on&#8221; background_color_gradient_stops=&#8221;rgba(0,0,0,0.6) 0%|rgba(0,0,0,0.6) 100%&#8221; background_color_gradient_overlays_image=&#8221;on&#8221; background_color_gradient_start=&#8221;rgba(0,0,0,0.6)&#8221; background_color_gradient_end=&#8221;rgba(0,0,0,0.6)&#8221; background_image=&#8221;https:\/\/ik9i.com\/fi\/wp-content\/uploads\/2022\/02\/tanjataruh-1-scaled.jpeg&#8221; custom_padding=&#8221;110px|0px|110px|0px|false|false&#8221; animation_style=&#8221;zoom&#8221; animation_intensity_zoom=&#8221;4%&#8221; global_colors_info=&#8221;{}&#8221;][et_pb_row _builder_version=&#8221;4.16&#8243; background_size=&#8221;initial&#8221; background_position=&#8221;top_left&#8221; background_repeat=&#8221;repeat&#8221; custom_padding=&#8221;|||&#8221; animation_style=&#8221;slide&#8221; animation_direction=&#8221;top&#8221; animation_intensity_slide=&#8221;3%&#8221; global_colors_info=&#8221;{}&#8221;][et_pb_column type=&#8221;4_4&#8243; _builder_version=&#8221;4.16&#8243; custom_padding=&#8221;|||&#8221; global_colors_info=&#8221;{}&#8221; custom_padding__hover=&#8221;|||&#8221;][et_pb_text _builder_version=&#8221;4.16&#8243; text_font=&#8221;Montserrat|500||on|||||&#8221; text_text_color=&#8221;#f7f7f7&#8243; text_font_size=&#8221;16px&#8221; text_letter_spacing=&#8221;3px&#8221; background_size=&#8221;initial&#8221; background_position=&#8221;top_left&#8221; background_repeat=&#8221;repeat&#8221; custom_margin=&#8221;|||&#8221; animation_style=&#8221;slide&#8221; animation_direction=&#8221;bottom&#8221; locked=&#8221;off&#8221; global_colors_info=&#8221;{}&#8221;]<\/p>\n<p>Kouluttaja, IK9I Perustaja<\/p>\n<p>[\/et_pb_text][et_pb_text _builder_version=&#8221;4.16&#8243; text_font=&#8221;||||||||&#8221; header_font=&#8221;Montserrat|700||on|||||&#8221; header_text_color=&#8221;#ffffff&#8221; header_font_size=&#8221;60px&#8221; header_line_height=&#8221;1.3em&#8221; header_2_font=&#8221;||||||||&#8221; background_size=&#8221;initial&#8221; background_position=&#8221;top_left&#8221; background_repeat=&#8221;repeat&#8221; custom_margin=&#8221;|||&#8221; animation_style=&#8221;fade&#8221; header_font_size_last_edited=&#8221;off|desktop&#8221; locked=&#8221;off&#8221; global_colors_info=&#8221;{}&#8221;]<\/p>\n<h1>Tanja Karpela<\/h1>\n<p>[\/et_pb_text][et_pb_text _builder_version=&#8221;4.27.3&#8243; text_font=&#8221;||||||||&#8221; text_text_color=&#8221;#ffffff&#8221; text_font_size=&#8221;24px&#8221; text_line_height=&#8221;1.8em&#8221; background_size=&#8221;initial&#8221; background_position=&#8221;top_left&#8221; background_repeat=&#8221;repeat&#8221; max_width=&#8221;700px&#8221; module_alignment=&#8221;left&#8221; animation_style=&#8221;flip&#8221; animation_direction=&#8221;top&#8221; animation_intensity_flip=&#8221;20%&#8221; hover_enabled=&#8221;0&#8243; locked=&#8221;off&#8221; global_colors_info=&#8221;{}&#8221; sticky_enabled=&#8221;0&#8243;]<\/p>\n<p><strong>El\u00e4intenkouluttaja (EAT), Erikoisetsint\u00e4koirien kouluttaja ja -koulutusvalmentaja. S<span>ertifioitu NASDU r\u00e4j\u00e4hdekoiraohjaaja.<\/span><\/strong><\/p>\n<p>[\/et_pb_text][\/et_pb_column][\/et_pb_row][\/et_pb_section][et_pb_section fb_built=&#8221;1&#8243; admin_label=&#8221;Text and Image&#8221; _builder_version=&#8221;4.16&#8243; background_color=&#8221;#f7f7f7&#8243; custom_padding=&#8221;110px|0px|110px|0px&#8221; global_colors_info=&#8221;{}&#8221;][et_pb_row column_structure=&#8221;1_2,1_2&#8243; _builder_version=&#8221;4.16&#8243; background_size=&#8221;initial&#8221; background_position=&#8221;top_left&#8221; background_repeat=&#8221;repeat&#8221; global_colors_info=&#8221;{}&#8221;][et_pb_column type=&#8221;1_2&#8243; _builder_version=&#8221;4.16&#8243; custom_padding=&#8221;|||&#8221; global_colors_info=&#8221;{}&#8221; custom_padding__hover=&#8221;|||&#8221;][et_pb_text _builder_version=&#8221;4.27.3&#8243; text_font=&#8221;||||||||&#8221; text_text_color=&#8221;#747d88&#8243; text_font_size=&#8221;18px&#8221; text_line_height=&#8221;1.8em&#8221; header_font=&#8221;||||||||&#8221; header_3_font=&#8221;Montserrat||||||||&#8221; header_3_line_height=&#8221;1.5em&#8221; background_size=&#8221;initial&#8221; background_position=&#8221;top_left&#8221; background_repeat=&#8221;repeat&#8221; max_width=&#8221;700px&#8221; module_alignment=&#8221;center&#8221; custom_margin=&#8221;120px|||&#8221; animation_style=&#8221;fade&#8221; animation_direction=&#8221;top&#8221; global_colors_info=&#8221;{}&#8221;]<\/p>\n<h3 class=\"tw-data-text tw-text-large JgzqYd RES9jf tw-ta\" data-placeholder=\"K\u00e4\u00e4nn\u00f6s\" id=\"tw-target-text\" dir=\"ltr\"><span>Pioneeri<\/span><\/h3>\n<p class=\"tw-data-text tw-text-large JgzqYd RES9jf tw-ta\" data-placeholder=\"K\u00e4\u00e4nn\u00f6s\" dir=\"ltr\"><span><br \/><\/span><span>Tanja on el\u00e4inkouluttajan erikoisammattitutkinnon suorittanut El\u00e4intenkouluttaja (EAT). Tanjan vahvaa ammatillista osaamista ovat erikoisetsint\u00e4koirien- sek\u00e4 koirakoiden kouluttaminen ammattik\u00e4ytt\u00f6\u00f6n (esim. r\u00e4j\u00e4hde-etsint\u00e4koirat, lutikkakoirat ja luontokartoituskoirat), sek\u00e4 k\u00e4ytt\u00e4ytymisterapia ja koiran tottelevaisuuden peruskoulutus.<\/span><\/p>\n<p>Tanja on sertifioitu NASDU r\u00e4j\u00e4hdekoiraohjaaja ja ty\u00f6skentelee Suomessa r\u00e4j\u00e4hdekoirien kouluttajana ja ohjaajana. H\u00e4n kouluttaa Euroopassa koirakkoja ty\u00f6k\u00e4ytt\u00f6\u00f6n sek\u00e4 toimii kouluttajana kursseilla ja koulutustapahtumissa. H\u00e4n on kannustava ja luotettava valmentaja sek\u00e4 pidetty ja kokenut luennoitsija.<\/p>\n<p><span>Tanja on alansa pioneeri, sill\u00e4 h\u00e4n on ensimm\u00e4isen\u00e4 Suomessa kouluttanut luontokartoituskoiria laajamittaiseen ammattik\u00e4ytt\u00f6\u00f6n luonnonsuojelun avuksi vuodesta 2014 l\u00e4htien, luoden samalla uuden ammatin ensimm\u00e4isen\u00e4 Luontokartoituskoira-ohjaajana.<\/span><\/p>\n<p>[\/et_pb_text][\/et_pb_column][et_pb_column type=&#8221;1_2&#8243; _builder_version=&#8221;4.16&#8243; custom_padding=&#8221;|||&#8221; global_colors_info=&#8221;{}&#8221; custom_padding__hover=&#8221;|||&#8221;][et_pb_image src=&#8221;https:\/\/ik9i.com\/fi\/wp-content\/uploads\/2024\/12\/IMG_5683-scaled.jpeg&#8221; title_text=&#8221;IMG_5683&#8243; align_tablet=&#8221;center&#8221; align_phone=&#8221;center&#8221; align_last_edited=&#8221;on|desktop&#8221; _builder_version=&#8221;4.27.3&#8243; animation_style=&#8221;slide&#8221; animation_direction=&#8221;right&#8221; animation_intensity_slide=&#8221;10%&#8221; global_colors_info=&#8221;{}&#8221;][\/et_pb_image][\/et_pb_column][\/et_pb_row][\/et_pb_section][et_pb_section fb_built=&#8221;1&#8243; admin_label=&#8221;Text and Image&#8221; _builder_version=&#8221;4.16&#8243; background_color=&#8221;#f7f7f7&#8243; custom_padding=&#8221;110px|0px|110px|0px&#8221; global_colors_info=&#8221;{}&#8221;][et_pb_row column_structure=&#8221;1_2,1_2&#8243; _builder_version=&#8221;4.16&#8243; background_size=&#8221;initial&#8221; background_position=&#8221;top_left&#8221; background_repeat=&#8221;repeat&#8221; animation_direction=&#8221;left&#8221; global_colors_info=&#8221;{}&#8221;][et_pb_column type=&#8221;1_2&#8243; _builder_version=&#8221;4.16&#8243; custom_padding=&#8221;|||&#8221; global_colors_info=&#8221;{}&#8221; custom_padding__hover=&#8221;|||&#8221;][et_pb_image src=&#8221;https:\/\/ik9i.com\/fi\/wp-content\/uploads\/2022\/02\/Conservationdog_Vire-Medium.jpeg&#8221; title_text=&#8221;Conservationdog_Vire Medium&#8221; align_tablet=&#8221;center&#8221; align_phone=&#8221;center&#8221; align_last_edited=&#8221;on|desktop&#8221; _builder_version=&#8221;4.16&#8243; animation_style=&#8221;slide&#8221; animation_direction=&#8221;right&#8221; animation_intensity_slide=&#8221;10%&#8221; global_colors_info=&#8221;{}&#8221;][\/et_pb_image][\/et_pb_column][et_pb_column type=&#8221;1_2&#8243; _builder_version=&#8221;4.16&#8243; custom_padding=&#8221;|||&#8221; global_colors_info=&#8221;{}&#8221; custom_padding__hover=&#8221;|||&#8221;][et_pb_text _builder_version=&#8221;4.21.0&#8243; text_font=&#8221;||||||||&#8221; text_text_color=&#8221;#747d88&#8243; text_font_size=&#8221;18px&#8221; text_line_height=&#8221;1.8em&#8221; header_font=&#8221;||||||||&#8221; header_3_font=&#8221;Montserrat||||||||&#8221; header_3_line_height=&#8221;1.5em&#8221; background_size=&#8221;initial&#8221; background_position=&#8221;top_left&#8221; background_repeat=&#8221;repeat&#8221; max_width=&#8221;700px&#8221; module_alignment=&#8221;center&#8221; custom_margin=&#8221;120px|||&#8221; animation_style=&#8221;fade&#8221; animation_direction=&#8221;top&#8221; global_colors_info=&#8221;{}&#8221;]<\/p>\n<h3><span>Luontokartoituskoirat<\/span><\/h3>\n<p><span>Tanjalla on monen vuoden kokemus luontokartoituskoirien laatustandardien kehitt\u00e4misest\u00e4, luontokartoituskoirien kouluttamisesta sek\u00e4 ty\u00f6skentelyst\u00e4 niiden kanssa erilaisissa ymp\u00e4rist\u00f6iss\u00e4 ja maasto-olosuhteissa. Tanja on ty\u00f6skennellyt luontokartoituskoirien kouluttajana ja ohjaajana EU-Life Liito-orava -projektissa vuodesta 2018 ja EU-LIFE Revivesiss\u00e4 (makeanveden jokihelmisimpukka) vuodesta 2022. Tanja on my\u00f6s antanut ensimm\u00e4isen esimerkin siit\u00e4, ett\u00e4 luontokartoituskoiraa voidaan soveltaa perhosten etsint\u00e4\u00e4n ja siten edist\u00e4\u00e4 suojelutoimien onnistunutta kohdentamista.<\/span><\/p>\n<p><span>Tanja on tehnyt kartoituksia luontokartoituskoirien kanssa mm. yksityistilaajille, yhdistyksille, mets\u00e4nomistajille, kaupungeille, ELY-keskuksille, ymp\u00e4rist\u00f6keskuksille ja Mets\u00e4hallitukselle. Tiivis yhteisty\u00f6 eri asiantuntijoiden kanssa ja aktiivinen tutkimusaineiston seuranta ovat vahvasti Tanjan ty\u00f6n periaatteita.<\/span><\/p>\n<p>[\/et_pb_text][\/et_pb_column][\/et_pb_row][\/et_pb_section][et_pb_section fb_built=&#8221;1&#8243; admin_label=&#8221;Text and Image&#8221; _builder_version=&#8221;4.16&#8243; background_color=&#8221;#f7f7f7&#8243; custom_padding=&#8221;110px|0px|110px|0px&#8221; global_colors_info=&#8221;{}&#8221;][et_pb_row column_structure=&#8221;1_2,1_2&#8243; _builder_version=&#8221;4.16&#8243; background_size=&#8221;initial&#8221; background_position=&#8221;top_left&#8221; background_repeat=&#8221;repeat&#8221; animation_direction=&#8221;right&#8221; global_colors_info=&#8221;{}&#8221;][et_pb_column type=&#8221;1_2&#8243; _builder_version=&#8221;4.16&#8243; global_colors_info=&#8221;{}&#8221; custom_padding__hover=&#8221;|||&#8221;][et_pb_text _builder_version=&#8221;4.21.0&#8243; text_font=&#8221;||||||||&#8221; text_text_color=&#8221;#747d88&#8243; text_font_size=&#8221;18px&#8221; text_line_height=&#8221;1.8em&#8221; header_font=&#8221;||||||||&#8221; header_3_font=&#8221;Montserrat||||||||&#8221; header_3_line_height=&#8221;1.5em&#8221; background_size=&#8221;initial&#8221; background_position=&#8221;top_left&#8221; background_repeat=&#8221;repeat&#8221; max_width=&#8221;700px&#8221; module_alignment=&#8221;center&#8221; min_height=&#8221;397px&#8221; custom_margin=&#8221;120px|||&#8221; animation_style=&#8221;fade&#8221; animation_direction=&#8221;top&#8221; global_colors_info=&#8221;{}&#8221;]<\/p>\n<h3>Operatiivisen ty\u00f6n monipuolinen kokemus ja toimintavarmoja ty\u00f6koiria<\/h3>\n<p>Tanja kouluttaa r\u00e4j\u00e4hdekoiria kiviainesty\u00f6maiden ty\u00f6turvallisuuden parantamiseksi sek\u00e4 lutikkakoiria tuholaistorjunnan avuksi ammattik\u00e4ytt\u00f6\u00f6n. H\u00e4nell\u00e4 on monipuolinen kokemus operatiivisesta ty\u00f6st\u00e4 ty\u00f6koirien kanssa.<\/p>\n<p>Tanjalla on monivuotinen kokemus luontokartoituskoirien laatustandardien kehitt\u00e4misest\u00e4.\u00a0H\u00e4n on tehnyt kartoituksia luontokartoituskoirilla mm. yksityisille tilaajille, yhdistyksille, mets\u00e4nomistajille, kaupungeille, Ely-keskuksille, ymp\u00e4rist\u00f6toimille ja Mets\u00e4hallitukselle. Tiivis yhteisty\u00f6 eri asiantuntijoiden kanssa ja aktiivinen tutkimustiedon seuranta kuuluvat vahvasti Tanjan ty\u00f6skentelyn periaatteisiin.<\/p>\n<p>[\/et_pb_text][\/et_pb_column][et_pb_column type=&#8221;1_2&#8243; _builder_version=&#8221;4.16&#8243; custom_padding=&#8221;|||&#8221; global_colors_info=&#8221;{}&#8221; custom_padding__hover=&#8221;|||&#8221;][et_pb_image src=&#8221;https:\/\/ik9i.com\/fi\/wp-content\/uploads\/2023\/05\/IMG_1317.jpeg&#8221; title_text=&#8221;IMG_1317&#8243; align_tablet=&#8221;center&#8221; align_phone=&#8221;center&#8221; align_last_edited=&#8221;on|desktop&#8221; _builder_version=&#8221;4.21.0&#8243; animation_style=&#8221;slide&#8221; animation_direction=&#8221;right&#8221; animation_intensity_slide=&#8221;10%&#8221; global_colors_info=&#8221;{}&#8221;][\/et_pb_image][\/et_pb_column][\/et_pb_row][\/et_pb_section][et_pb_section fb_built=&#8221;1&#8243; admin_label=&#8221;Image and Text&#8221; _builder_version=&#8221;4.16&#8243; background_color=&#8221;#ffffff&#8221; custom_padding=&#8221;110px|0px|110px|0px&#8221; global_colors_info=&#8221;{}&#8221;][et_pb_row column_structure=&#8221;1_2,1_2&#8243; _builder_version=&#8221;4.16&#8243; background_size=&#8221;initial&#8221; background_position=&#8221;top_left&#8221; background_repeat=&#8221;repeat&#8221; animation_direction=&#8221;left&#8221; global_colors_info=&#8221;{}&#8221;][et_pb_column type=&#8221;1_2&#8243; _builder_version=&#8221;4.16&#8243; custom_padding=&#8221;|||&#8221; global_colors_info=&#8221;{}&#8221; custom_padding__hover=&#8221;|||&#8221;][et_pb_image src=&#8221;https:\/\/ik9i.com\/fi\/wp-content\/uploads\/2023\/04\/IMG_5751-scaled.jpeg&#8221; title_text=&#8221;IMG_5751&#8243; align_tablet=&#8221;center&#8221; align_phone=&#8221;center&#8221; align_last_edited=&#8221;on|desktop&#8221; _builder_version=&#8221;4.21.0&#8243; animation_style=&#8221;slide&#8221; animation_direction=&#8221;right&#8221; animation_intensity_slide=&#8221;10%&#8221; global_colors_info=&#8221;{}&#8221;][\/et_pb_image][\/et_pb_column][et_pb_column type=&#8221;1_2&#8243; _builder_version=&#8221;4.16&#8243; custom_padding=&#8221;|||&#8221; global_colors_info=&#8221;{}&#8221; custom_padding__hover=&#8221;|||&#8221;][et_pb_text _builder_version=&#8221;4.21.0&#8243; text_font=&#8221;||||||||&#8221; text_text_color=&#8221;#747d88&#8243; text_font_size=&#8221;18px&#8221; text_line_height=&#8221;1.8em&#8221; header_font=&#8221;||||||||&#8221; header_3_font=&#8221;Montserrat||||||||&#8221; header_3_line_height=&#8221;1.5em&#8221; background_size=&#8221;initial&#8221; background_position=&#8221;top_left&#8221; background_repeat=&#8221;repeat&#8221; max_width=&#8221;700px&#8221; module_alignment=&#8221;center&#8221; custom_margin=&#8221;120px|||&#8221; animation_style=&#8221;fade&#8221; animation_direction=&#8221;top&#8221; global_colors_info=&#8221;{}&#8221;]<\/p>\n<h3>Kannustava valmentaja<\/h3>\n<p>Tanja korostaa vahvoja perustaitoja, vahvaa motivaatiota, sinnikkyytt\u00e4, tinkim\u00e4t\u00f6nt\u00e4 etsint\u00e4\u00e4 ja tinkim\u00e4t\u00f6nt\u00e4 luotettavuutta ammattity\u00f6koirien koulutuksessa. H\u00e4n tekee koulutussuunnitelmia selkein ja realistisin tavoittein ja kannustaa aina koirakkoja saavuttamaan parhaansa.<\/p>\n<p>[\/et_pb_text][\/et_pb_column][\/et_pb_row][\/et_pb_section]<\/p>\n","protected":false},"excerpt":{"rendered":"<p>Kouluttaja, IK9I PerustajaTanja KarpelaEl\u00e4intenkouluttaja (EAT), Erikoisetsint\u00e4koirien kouluttaja ja -koulutusvalmentaja. Sertifioitu NASDU r\u00e4j\u00e4hdekoiraohjaaja.Pioneeri Tanja on el\u00e4inkouluttajan erikoisammattitutkinnon suorittanut El\u00e4intenkouluttaja (EAT). Tanjan vahvaa ammatillista osaamista ovat erikoisetsint\u00e4koirien- sek\u00e4 koirakoiden kouluttaminen ammattik\u00e4ytt\u00f6\u00f6n (esim. r\u00e4j\u00e4hde-etsint\u00e4koirat, lutikkakoirat ja luontokartoituskoirat), sek\u00e4 k\u00e4ytt\u00e4ytymisterapia ja koiran tottelevaisuuden peruskoulutus. Tanja on sertifioitu NASDU r\u00e4j\u00e4hdekoiraohjaaja ja ty\u00f6skentelee Suomessa r\u00e4j\u00e4hdekoirien kouluttajana ja ohjaajana. H\u00e4n kouluttaa Euroopassa [&hellip;]<\/p>\n","protected":false},"author":1,"featured_media":0,"parent":0,"menu_order":0,"comment_status":"closed","ping_status":"closed","template":"","meta":{"_et_pb_use_builder":"on","_et_pb_old_content":"","_et_gb_content_width":"","footnotes":""},"class_list":["post-454","page","type-page","status-publish","hentry"],"_links":{"self":[{"href":"https:\/\/ik9i.com\/fi\/wp-json\/wp\/v2\/pages\/454","targetHints":{"allow":["GET"]}}],"collection":[{"href":"https:\/\/ik9i.com\/fi\/wp-json\/wp\/v2\/pages"}],"about":[{"href":"https:\/\/ik9i.com\/fi\/wp-json\/wp\/v2\/types\/page"}],"author":[{"embeddable":true,"href":"https:\/\/ik9i.com\/fi\/wp-json\/wp\/v2\/users\/1"}],"replies":[{"embeddable":true,"href":"https:\/\/ik9i.com\/fi\/wp-json\/wp\/v2\/comments?post=454"}],"version-history":[{"count":18,"href":"https:\/\/ik9i.com\/fi\/wp-json\/wp\/v2\/pages\/454\/revisions"}],"predecessor-version":[{"id":1907,"href":"https:\/\/ik9i.com\/fi\/wp-json\/wp\/v2\/pages\/454\/revisions\/1907"}],"wp:attachment":[{"href":"https:\/\/ik9i.com\/fi\/wp-json\/wp\/v2\/media?parent=454"}],"curies":[{"name":"wp","href":"https:\/\/api.w.org\/{rel}","templated":true}]}}