{"id":346,"date":"2022-02-20T06:38:56","date_gmt":"2022-02-20T06:38:56","guid":{"rendered":"https:\/\/ik9i.com\/fi\/?page_id=346"},"modified":"2024-04-29T09:55:12","modified_gmt":"2024-04-29T09:55:12","slug":"yksityiskoulutus","status":"publish","type":"page","link":"https:\/\/ik9i.com\/fi\/yksityiskoulutus\/","title":{"rendered":"Yksityiskoulutus"},"content":{"rendered":"<p>[et_pb_section fb_built=&#8221;1&#8243; admin_label=&#8221;Hero&#8221; _builder_version=&#8221;4.16&#8243; use_background_color_gradient=&#8221;on&#8221; background_color_gradient_stops=&#8221;rgba(0,0,0,0.6) 0%|rgba(0,0,0,0.6) 100%&#8221; background_color_gradient_overlays_image=&#8221;on&#8221; background_color_gradient_start=&#8221;rgba(0,0,0,0.6)&#8221; background_color_gradient_end=&#8221;rgba(0,0,0,0.6)&#8221; background_image=&#8221;https:\/\/ik9i.com\/fi\/wp-content\/uploads\/2022\/02\/Untitled-10-\u00d7-6-in-5-Large.jpeg&#8221; custom_padding=&#8221;110px|0px|110px|0px|false|false&#8221; animation_style=&#8221;zoom&#8221; animation_intensity_zoom=&#8221;4%&#8221; global_colors_info=&#8221;{}&#8221;][et_pb_row _builder_version=&#8221;4.16&#8243; background_size=&#8221;initial&#8221; background_position=&#8221;top_left&#8221; background_repeat=&#8221;repeat&#8221; custom_padding=&#8221;|||&#8221; animation_style=&#8221;slide&#8221; animation_direction=&#8221;top&#8221; animation_intensity_slide=&#8221;3%&#8221; global_colors_info=&#8221;{}&#8221;][et_pb_column type=&#8221;4_4&#8243; _builder_version=&#8221;4.16&#8243; custom_padding=&#8221;|||&#8221; global_colors_info=&#8221;{}&#8221; custom_padding__hover=&#8221;|||&#8221;][et_pb_text _builder_version=&#8221;4.16&#8243; text_font=&#8221;Montserrat|500||on|||||&#8221; text_text_color=&#8221;#f7f7f7&#8243; text_font_size=&#8221;16px&#8221; text_letter_spacing=&#8221;3px&#8221; background_size=&#8221;initial&#8221; background_position=&#8221;top_left&#8221; background_repeat=&#8221;repeat&#8221; custom_margin=&#8221;|||&#8221; animation_style=&#8221;slide&#8221; animation_direction=&#8221;bottom&#8221; locked=&#8221;off&#8221; global_colors_info=&#8221;{}&#8221;]<\/p>\n<p>Yksitt\u00e4in tai ryhmille<\/p>\n<p>[\/et_pb_text][et_pb_text _builder_version=&#8221;4.16&#8243; text_font=&#8221;||||||||&#8221; header_font=&#8221;Montserrat|700||on|||||&#8221; header_text_color=&#8221;#ffffff&#8221; header_font_size=&#8221;60px&#8221; header_line_height=&#8221;1.3em&#8221; header_2_font=&#8221;||||||||&#8221; background_size=&#8221;initial&#8221; background_position=&#8221;top_left&#8221; background_repeat=&#8221;repeat&#8221; custom_margin=&#8221;|||&#8221; animation_style=&#8221;fade&#8221; header_font_size_last_edited=&#8221;off|desktop&#8221; locked=&#8221;off&#8221; global_colors_info=&#8221;{}&#8221;]<\/p>\n<h1>Yksityiskoulutus<\/h1>\n<p>[\/et_pb_text][et_pb_text _builder_version=&#8221;4.16&#8243; text_font=&#8221;||||||||&#8221; text_text_color=&#8221;#ffffff&#8221; text_font_size=&#8221;19px&#8221; text_line_height=&#8221;1.8em&#8221; background_size=&#8221;initial&#8221; background_position=&#8221;top_left&#8221; background_repeat=&#8221;repeat&#8221; max_width=&#8221;700px&#8221; module_alignment=&#8221;left&#8221; animation_style=&#8221;flip&#8221; animation_direction=&#8221;top&#8221; animation_intensity_flip=&#8221;20%&#8221; locked=&#8221;off&#8221; global_colors_info=&#8221;{}&#8221;]<\/p>\n<p><span>Tarjoamme yksityiskoulutusta yksitt\u00e4isille koirakoille ja pienryhmille. Kaikki palvelut ovat toteutettavissa koko Suomen alueella ja kansainv\u00e4lisesti. Kysy my\u00f6s et\u00e4valmennuksia!<\/span><\/p>\n<p>[\/et_pb_text][\/et_pb_column][\/et_pb_row][\/et_pb_section][et_pb_section fb_built=&#8221;1&#8243; admin_label=&#8221;Text and Image&#8221; _builder_version=&#8221;4.16&#8243; background_color=&#8221;#f7f7f7&#8243; custom_padding=&#8221;110px|0px|110px|0px&#8221; global_colors_info=&#8221;{}&#8221;][et_pb_row column_structure=&#8221;1_2,1_2&#8243; _builder_version=&#8221;4.16&#8243; background_size=&#8221;initial&#8221; background_position=&#8221;top_left&#8221; background_repeat=&#8221;repeat&#8221; global_colors_info=&#8221;{}&#8221;][et_pb_column type=&#8221;1_2&#8243; _builder_version=&#8221;4.16&#8243; custom_padding=&#8221;|||&#8221; global_colors_info=&#8221;{}&#8221; custom_padding__hover=&#8221;|||&#8221;][et_pb_text _builder_version=&#8221;4.16&#8243; text_font=&#8221;||||||||&#8221; text_text_color=&#8221;#747d88&#8243; text_font_size=&#8221;20px&#8221; text_line_height=&#8221;1.8em&#8221; header_font=&#8221;||||||||&#8221; header_3_font=&#8221;Montserrat||||||||&#8221; header_3_line_height=&#8221;1.5em&#8221; background_size=&#8221;initial&#8221; background_position=&#8221;top_left&#8221; background_repeat=&#8221;repeat&#8221; max_width=&#8221;700px&#8221; module_alignment=&#8221;center&#8221; custom_margin=&#8221;120px|||&#8221; animation_style=&#8221;fade&#8221; animation_direction=&#8221;top&#8221; global_colors_info=&#8221;{}&#8221;]<\/p>\n<h3>Yksityiskoulutus hajuty\u00f6skentelyn avuksi<\/h3>\n<p>Jos sinulla on haasteita etsint\u00e4ty\u00f6skentelyss\u00e4 tai j\u00e4ljestyksess\u00e4, tai tarvitset valmennusta p\u00e4\u00e4st\u00e4ksesi eteenp\u00e4in koulutuksessa, me olemme t\u00e4\u00e4ll\u00e4 sinua varten. Me suunnittelemme koulutuksen juuri sinun ja koirasi tarpeisiin sek\u00e4 valmennamme teit\u00e4 eteenp\u00e4in.<\/p>\n<p>T\u00e4m\u00e4 palvelu on saatavilla my\u00f6s et\u00e4n\u00e4.<\/p>\n<p>[\/et_pb_text][\/et_pb_column][et_pb_column type=&#8221;1_2&#8243; _builder_version=&#8221;4.16&#8243; custom_padding=&#8221;|||&#8221; global_colors_info=&#8221;{}&#8221; custom_padding__hover=&#8221;|||&#8221;][et_pb_image src=&#8221;https:\/\/ik9i.com\/fi\/wp-content\/uploads\/2022\/02\/IMG_1186-Medium.jpeg&#8221; align_tablet=&#8221;center&#8221; align_phone=&#8221;center&#8221; align_last_edited=&#8221;on|desktop&#8221; _builder_version=&#8221;4.16&#8243; animation_style=&#8221;slide&#8221; animation_direction=&#8221;right&#8221; animation_intensity_slide=&#8221;10%&#8221; global_colors_info=&#8221;{}&#8221;][\/et_pb_image][\/et_pb_column][\/et_pb_row][\/et_pb_section][et_pb_section fb_built=&#8221;1&#8243; admin_label=&#8221;Text and Image&#8221; _builder_version=&#8221;4.16&#8243; background_color=&#8221;#f7f7f7&#8243; custom_padding=&#8221;110px|0px|110px|0px&#8221; global_colors_info=&#8221;{}&#8221;][et_pb_row column_structure=&#8221;1_2,1_2&#8243; _builder_version=&#8221;4.16&#8243; background_size=&#8221;initial&#8221; background_position=&#8221;top_left&#8221; background_repeat=&#8221;repeat&#8221; global_colors_info=&#8221;{}&#8221;][et_pb_column type=&#8221;1_2&#8243; _builder_version=&#8221;4.16&#8243; custom_padding=&#8221;|||&#8221; global_colors_info=&#8221;{}&#8221; custom_padding__hover=&#8221;|||&#8221;][et_pb_image src=&#8221;https:\/\/ik9i.com\/fi\/wp-content\/uploads\/2022\/02\/IMG_4340-Medium.jpeg&#8221; align_tablet=&#8221;center&#8221; align_phone=&#8221;center&#8221; align_last_edited=&#8221;on|desktop&#8221; _builder_version=&#8221;4.16&#8243; animation_style=&#8221;slide&#8221; animation_direction=&#8221;right&#8221; animation_intensity_slide=&#8221;10%&#8221; global_colors_info=&#8221;{}&#8221;][\/et_pb_image][\/et_pb_column][et_pb_column type=&#8221;1_2&#8243; _builder_version=&#8221;4.16&#8243; custom_padding=&#8221;|||&#8221; global_colors_info=&#8221;{}&#8221; custom_padding__hover=&#8221;|||&#8221;][et_pb_text _builder_version=&#8221;4.18.0&#8243; text_font=&#8221;||||||||&#8221; text_text_color=&#8221;#747d88&#8243; text_font_size=&#8221;18px&#8221; text_line_height=&#8221;1.8em&#8221; header_font=&#8221;||||||||&#8221; header_3_font=&#8221;Montserrat||||||||&#8221; header_3_line_height=&#8221;1.5em&#8221; background_size=&#8221;initial&#8221; background_position=&#8221;top_left&#8221; background_repeat=&#8221;repeat&#8221; max_width=&#8221;700px&#8221; module_alignment=&#8221;center&#8221; custom_margin=&#8221;120px|||&#8221; animation_style=&#8221;fade&#8221; animation_direction=&#8221;top&#8221; global_colors_info=&#8221;{}&#8221;]<\/p>\n<h3>Koirasi koulutus<\/h3>\n<p>Joskus voi tulla eteen tilanne, jolloin omat taidot eiv\u00e4t tunnu riitt\u00e4v\u00e4n tai etenemist\u00e4 pit\u00e4isi tapahtua nopeammin, mit\u00e4 itse kykenee kouluttamaan. Silloin voit pyyt\u00e4\u00e4 kouluttajaa ottamaan ohjat ja ty\u00f6skentelem\u00e4\u00e4n koirasi kanssa. Voit tuoda koiran koulutettavaksi tai olla itse paikalla koulutuksen aikana. Saat koulutuksen j\u00e4lkeen aina kirjalliset ohjeet uusien taitojen yll\u00e4pitoon. Katso my\u00f6s All Inclusive t\u00e4yshoitokoulutukset!<\/p>\n<p>T\u00e4m\u00e4 palvelu on tarkoitettu ensisijaisesti hajuty\u00f6skentelyyn liittyvien asioiden kouluttamiseen, mutta sit\u00e4 voidaan soveltaa my\u00f6s muihin ty\u00f6koiralle tarpeellisiin k\u00e4yt\u00f6ksiin ja pennun peruskoulutukseen.<\/p>\n<p>Palvelun hinta m\u00e4\u00e4r\u00e4ytyy aina kunkin koulutuskokonaisuuden mukaan. Pyyd\u00e4 tarjous s\u00e4hk\u00f6postitse <a href=\"mailto:info@ik9i.com\">info@ik9i.com<\/a>\u00a0tai ota yhteytt\u00e4 alla olevalla lomakkeella.<\/p>\n<p>[\/et_pb_text][\/et_pb_column][\/et_pb_row][\/et_pb_section][et_pb_section fb_built=&#8221;1&#8243; admin_label=&#8221;Text and Image&#8221; _builder_version=&#8221;4.16&#8243; background_color=&#8221;#f7f7f7&#8243; custom_padding=&#8221;110px|0px|110px|0px&#8221; global_colors_info=&#8221;{}&#8221;][et_pb_row column_structure=&#8221;1_2,1_2&#8243; _builder_version=&#8221;4.16&#8243; background_size=&#8221;initial&#8221; background_position=&#8221;top_left&#8221; background_repeat=&#8221;repeat&#8221; global_colors_info=&#8221;{}&#8221;][et_pb_column type=&#8221;1_2&#8243; _builder_version=&#8221;4.16&#8243; custom_padding=&#8221;|||&#8221; global_colors_info=&#8221;{}&#8221; custom_padding__hover=&#8221;|||&#8221;][et_pb_text _builder_version=&#8221;4.16&#8243; text_font=&#8221;||||||||&#8221; text_text_color=&#8221;#747d88&#8243; text_font_size=&#8221;18px&#8221; text_line_height=&#8221;1.8em&#8221; header_font=&#8221;||||||||&#8221; header_3_font=&#8221;Montserrat||||||||&#8221; header_3_line_height=&#8221;1.5em&#8221; background_size=&#8221;initial&#8221; background_position=&#8221;top_left&#8221; background_repeat=&#8221;repeat&#8221; max_width=&#8221;700px&#8221; module_alignment=&#8221;center&#8221; custom_margin=&#8221;120px|||&#8221; animation_style=&#8221;fade&#8221; animation_direction=&#8221;top&#8221; global_colors_info=&#8221;{}&#8221;]<\/p>\n<h3>Koulutuksen suunnittelu<\/h3>\n<p>Kun osaat kouluttaa, mutta koulutuksen eteneminen takkuaa etk\u00e4 ole aivan varma miten edet\u00e4, me voimme rakentaa sinulle koulutussuunnitelman. Suunnitelman pohjaksi sin\u00e4 m\u00e4\u00e4rittelet koulutukseen k\u00e4ytett\u00e4v\u00e4n ajan, aikataulun ja tavoitteet, ja me pid\u00e4mme s\u00e4\u00e4nn\u00f6llisesti yhteytt\u00e4 sinuun ja kannustamme koulutuksen edetess\u00e4 tavotteiden saavuttamiseen saakka.<\/p>\n<p>Palvelun hinta m\u00e4\u00e4r\u00e4ytyy aina kunkin koulutuskokonaisuuden mukaan. Pyyd\u00e4 tarjous s\u00e4hk\u00f6postitse <a href=\"mailto:info@ik9i.com\">info@ik9i.com<\/a>\u00a0tai ota yhteytt\u00e4 alla olevalla lomakkeella.<\/p>\n<p>T\u00e4m\u00e4 palvelu on saatavilla my\u00f6s et\u00e4n\u00e4.<\/p>\n<p>[\/et_pb_text][\/et_pb_column][et_pb_column type=&#8221;1_2&#8243; _builder_version=&#8221;4.16&#8243; custom_padding=&#8221;|||&#8221; global_colors_info=&#8221;{}&#8221; custom_padding__hover=&#8221;|||&#8221;][et_pb_image src=&#8221;https:\/\/ik9i.com\/fi\/wp-content\/uploads\/2022\/02\/IMG_4294-Medium.jpeg&#8221; align_tablet=&#8221;center&#8221; align_phone=&#8221;center&#8221; align_last_edited=&#8221;on|desktop&#8221; _builder_version=&#8221;4.16&#8243; animation_style=&#8221;slide&#8221; animation_direction=&#8221;right&#8221; animation_intensity_slide=&#8221;10%&#8221; global_colors_info=&#8221;{}&#8221;][\/et_pb_image][\/et_pb_column][\/et_pb_row][\/et_pb_section][et_pb_section fb_built=&#8221;1&#8243; admin_label=&#8221;Image and Text&#8221; _builder_version=&#8221;4.16&#8243; background_color=&#8221;#ffffff&#8221; custom_padding=&#8221;110px|0px|110px|0px&#8221; global_colors_info=&#8221;{}&#8221;][et_pb_row column_structure=&#8221;1_2,1_2&#8243; _builder_version=&#8221;4.16&#8243; background_size=&#8221;initial&#8221; background_position=&#8221;top_left&#8221; background_repeat=&#8221;repeat&#8221; global_colors_info=&#8221;{}&#8221;][et_pb_column type=&#8221;1_2&#8243; _builder_version=&#8221;4.16&#8243; custom_padding=&#8221;|||&#8221; global_colors_info=&#8221;{}&#8221; custom_padding__hover=&#8221;|||&#8221;][et_pb_image src=&#8221;https:\/\/ik9i.com\/fi\/wp-content\/uploads\/2024\/04\/IMG_6430.jpg&#8221; title_text=&#8221;IMG_6430&#8243; show_in_lightbox=&#8221;on&#8221; align_tablet=&#8221;center&#8221; align_phone=&#8221;center&#8221; align_last_edited=&#8221;on|desktop&#8221; _builder_version=&#8221;4.25.0&#8243; animation_style=&#8221;slide&#8221; animation_direction=&#8221;left&#8221; animation_intensity_slide=&#8221;10%&#8221; hover_enabled=&#8221;0&#8243; global_colors_info=&#8221;{}&#8221; sticky_enabled=&#8221;0&#8243;][\/et_pb_image][\/et_pb_column][et_pb_column type=&#8221;1_2&#8243; _builder_version=&#8221;4.16&#8243; custom_padding=&#8221;|||&#8221; global_colors_info=&#8221;{}&#8221; custom_padding__hover=&#8221;|||&#8221;][et_pb_text _builder_version=&#8221;4.16&#8243; text_font=&#8221;||||||||&#8221; text_text_color=&#8221;#747d88&#8243; text_font_size=&#8221;20px&#8221; text_line_height=&#8221;1.8em&#8221; header_font=&#8221;||||||||&#8221; header_3_font=&#8221;Montserrat||||||||&#8221; header_3_line_height=&#8221;1.5em&#8221; background_size=&#8221;initial&#8221; background_position=&#8221;top_left&#8221; background_repeat=&#8221;repeat&#8221; max_width=&#8221;700px&#8221; module_alignment=&#8221;center&#8221; custom_margin=&#8221;60px|||&#8221; animation_style=&#8221;fade&#8221; animation_direction=&#8221;top&#8221; global_colors_info=&#8221;{}&#8221;]<\/p>\n<h3>Hinnasto<\/h3>\n<p><span>Yksitt\u00e4isten yksityistuntien hinta on 100\u20ac\/h, sis. alv. Hintaan lis\u00e4t\u00e4\u00e4n matkakulut, jos koulutus pidet\u00e4\u00e4n l\u00e4hiopetuksena. <\/p>\n<p>Pyyd\u00e4 tarjous useamman tunnin kokonaisuuksille ja muille koulutuspalveluille info@ik9i.com.<\/span><\/p>\n<p>[\/et_pb_text][\/et_pb_column][\/et_pb_row][\/et_pb_section]<\/p>\n","protected":false},"excerpt":{"rendered":"<p>Yksitt\u00e4in tai ryhmilleYksityiskoulutusTarjoamme yksityiskoulutusta yksitt\u00e4isille koirakoille ja pienryhmille. Kaikki palvelut ovat toteutettavissa koko Suomen alueella ja kansainv\u00e4lisesti. Kysy my\u00f6s et\u00e4valmennuksia!Yksityiskoulutus hajuty\u00f6skentelyn avuksi Jos sinulla on haasteita etsint\u00e4ty\u00f6skentelyss\u00e4 tai j\u00e4ljestyksess\u00e4, tai tarvitset valmennusta p\u00e4\u00e4st\u00e4ksesi eteenp\u00e4in koulutuksessa, me olemme t\u00e4\u00e4ll\u00e4 sinua varten. Me suunnittelemme koulutuksen juuri sinun ja koirasi tarpeisiin sek\u00e4 valmennamme teit\u00e4 eteenp\u00e4in. T\u00e4m\u00e4 palvelu on [&hellip;]<\/p>\n","protected":false},"author":1,"featured_media":0,"parent":0,"menu_order":0,"comment_status":"closed","ping_status":"closed","template":"","meta":{"_et_pb_use_builder":"on","_et_pb_old_content":"","_et_gb_content_width":"","footnotes":""},"class_list":["post-346","page","type-page","status-publish","hentry"],"_links":{"self":[{"href":"https:\/\/ik9i.com\/fi\/wp-json\/wp\/v2\/pages\/346","targetHints":{"allow":["GET"]}}],"collection":[{"href":"https:\/\/ik9i.com\/fi\/wp-json\/wp\/v2\/pages"}],"about":[{"href":"https:\/\/ik9i.com\/fi\/wp-json\/wp\/v2\/types\/page"}],"author":[{"embeddable":true,"href":"https:\/\/ik9i.com\/fi\/wp-json\/wp\/v2\/users\/1"}],"replies":[{"embeddable":true,"href":"https:\/\/ik9i.com\/fi\/wp-json\/wp\/v2\/comments?post=346"}],"version-history":[{"count":9,"href":"https:\/\/ik9i.com\/fi\/wp-json\/wp\/v2\/pages\/346\/revisions"}],"predecessor-version":[{"id":1639,"href":"https:\/\/ik9i.com\/fi\/wp-json\/wp\/v2\/pages\/346\/revisions\/1639"}],"wp:attachment":[{"href":"https:\/\/ik9i.com\/fi\/wp-json\/wp\/v2\/media?parent=346"}],"curies":[{"name":"wp","href":"https:\/\/api.w.org\/{rel}","templated":true}]}}