{"id":342,"date":"2022-02-20T06:36:54","date_gmt":"2022-02-20T06:36:54","guid":{"rendered":"https:\/\/ik9i.com\/fi\/?page_id=342"},"modified":"2025-03-31T09:30:51","modified_gmt":"2025-03-31T09:30:51","slug":"kaytosklinikka-ja-ongelman-ratkaisu","status":"publish","type":"page","link":"https:\/\/ik9i.com\/fi\/kaytosklinikka-ja-ongelman-ratkaisu\/","title":{"rendered":"K\u00e4yt\u00f6sklinikka ja ongelman ratkaisu"},"content":{"rendered":"<p>[et_pb_section fb_built=&#8221;1&#8243; admin_label=&#8221;Hero&#8221; _builder_version=&#8221;4.16&#8243; use_background_color_gradient=&#8221;on&#8221; background_color_gradient_stops=&#8221;rgba(0,0,0,0.6) 0%|rgba(0,0,0,0.6) 100%&#8221; background_color_gradient_overlays_image=&#8221;on&#8221; background_color_gradient_start=&#8221;rgba(0,0,0,0.6)&#8221; background_color_gradient_end=&#8221;rgba(0,0,0,0.6)&#8221; background_image=&#8221;https:\/\/ik9i.com\/fi\/wp-content\/uploads\/2022\/02\/Untitled-10-\u00d7-6-in-3-Large.jpeg&#8221; custom_padding=&#8221;110px|0px|110px|0px|false|false&#8221; animation_style=&#8221;zoom&#8221; animation_intensity_zoom=&#8221;4%&#8221; global_colors_info=&#8221;{}&#8221;][et_pb_row _builder_version=&#8221;4.16&#8243; background_size=&#8221;initial&#8221; background_position=&#8221;top_left&#8221; background_repeat=&#8221;repeat&#8221; custom_padding=&#8221;|||&#8221; animation_style=&#8221;slide&#8221; animation_direction=&#8221;top&#8221; animation_intensity_slide=&#8221;3%&#8221; global_colors_info=&#8221;{}&#8221;][et_pb_column type=&#8221;4_4&#8243; _builder_version=&#8221;4.16&#8243; custom_padding=&#8221;|||&#8221; global_colors_info=&#8221;{}&#8221; custom_padding__hover=&#8221;|||&#8221;][et_pb_text _builder_version=&#8221;4.16&#8243; text_font=&#8221;Montserrat|500||on|||||&#8221; text_text_color=&#8221;#f7f7f7&#8243; text_font_size=&#8221;16px&#8221; text_letter_spacing=&#8221;3px&#8221; background_size=&#8221;initial&#8221; background_position=&#8221;top_left&#8221; background_repeat=&#8221;repeat&#8221; custom_margin=&#8221;|||&#8221; animation_style=&#8221;slide&#8221; animation_direction=&#8221;bottom&#8221; locked=&#8221;off&#8221; global_colors_info=&#8221;{}&#8221;]<\/p>\n<p>Ongelman ratkaisu ja<\/p>\n<p>[\/et_pb_text][et_pb_text _builder_version=&#8221;4.16&#8243; text_font=&#8221;||||||||&#8221; header_font=&#8221;Montserrat|700||on|||||&#8221; header_text_color=&#8221;#ffffff&#8221; header_font_size=&#8221;60px&#8221; header_line_height=&#8221;1.3em&#8221; header_2_font=&#8221;||||||||&#8221; background_size=&#8221;initial&#8221; background_position=&#8221;top_left&#8221; background_repeat=&#8221;repeat&#8221; custom_margin=&#8221;|||&#8221; animation_style=&#8221;fade&#8221; header_font_size_last_edited=&#8221;off|desktop&#8221; locked=&#8221;off&#8221; global_colors_info=&#8221;{}&#8221;]<\/p>\n<h1>K\u00e4yt\u00f6sklinikka<\/h1>\n<p>[\/et_pb_text][et_pb_text _builder_version=&#8221;4.16&#8243; text_font=&#8221;||||||||&#8221; text_text_color=&#8221;#ffffff&#8221; text_font_size=&#8221;24px&#8221; text_line_height=&#8221;1.8em&#8221; background_size=&#8221;initial&#8221; background_position=&#8221;top_left&#8221; background_repeat=&#8221;repeat&#8221; max_width=&#8221;700px&#8221; module_alignment=&#8221;left&#8221; animation_style=&#8221;flip&#8221; animation_direction=&#8221;top&#8221; animation_intensity_flip=&#8221;20%&#8221; locked=&#8221;off&#8221; global_colors_info=&#8221;{}&#8221;]<\/p>\n<p><span>Koirien k\u00e4yt\u00f6sklinikka auttaa ja neuvoo koirien h\u00e4iri\u00f6k\u00e4yt\u00f6ksen hoidossa ja koulutuksessa, sek\u00e4 arjen taitojen opettelussa pennusta senioriin. <\/span><\/p>\n<p>[\/et_pb_text][\/et_pb_column][\/et_pb_row][\/et_pb_section][et_pb_section fb_built=&#8221;1&#8243; admin_label=&#8221;Text and Image&#8221; _builder_version=&#8221;4.16&#8243; background_color=&#8221;#f7f7f7&#8243; custom_padding=&#8221;110px|0px|110px|0px&#8221; global_colors_info=&#8221;{}&#8221;][et_pb_row column_structure=&#8221;1_2,1_2&#8243; _builder_version=&#8221;4.16&#8243; background_size=&#8221;initial&#8221; background_position=&#8221;top_left&#8221; background_repeat=&#8221;repeat&#8221; animation_direction=&#8221;right&#8221; global_colors_info=&#8221;{}&#8221;][et_pb_column type=&#8221;1_2&#8243; _builder_version=&#8221;4.16&#8243; custom_padding=&#8221;|||&#8221; global_colors_info=&#8221;{}&#8221; custom_padding__hover=&#8221;|||&#8221;][et_pb_image src=&#8221;https:\/\/ik9i.com\/fi\/wp-content\/uploads\/2022\/02\/Untitled-10-\u00d7-6-in-4-Medium.jpeg&#8221; align_tablet=&#8221;center&#8221; align_phone=&#8221;center&#8221; align_last_edited=&#8221;on|desktop&#8221; _builder_version=&#8221;4.16&#8243; animation_style=&#8221;slide&#8221; animation_direction=&#8221;right&#8221; animation_intensity_slide=&#8221;10%&#8221; global_colors_info=&#8221;{}&#8221;][\/et_pb_image][\/et_pb_column][et_pb_column type=&#8221;1_2&#8243; _builder_version=&#8221;4.16&#8243; custom_padding=&#8221;|||&#8221; global_colors_info=&#8221;{}&#8221; custom_padding__hover=&#8221;|||&#8221;][et_pb_text _builder_version=&#8221;4.25.0&#8243; text_font=&#8221;||||||||&#8221; text_text_color=&#8221;#747d88&#8243; text_font_size=&#8221;17px&#8221; text_line_height=&#8221;1.8em&#8221; header_font=&#8221;||||||||&#8221; header_3_font=&#8221;Montserrat||||||||&#8221; header_3_line_height=&#8221;1.5em&#8221; background_size=&#8221;initial&#8221; background_position=&#8221;top_left&#8221; background_repeat=&#8221;repeat&#8221; max_width=&#8221;700px&#8221; module_alignment=&#8221;center&#8221; custom_margin=&#8221;-15px||||false|false&#8221; animation_style=&#8221;fade&#8221; animation_direction=&#8221;top&#8221; global_colors_info=&#8221;{}&#8221;]<\/p>\n<h3>Kun arki ei suju<\/h3>\n<p><span>Tavallisia k\u00e4yt\u00f6sh\u00e4iri\u00f6it\u00e4 ovat mm. remmir\u00e4hj\u00e4\u00e4minen eli aggressiivinen k\u00e4yt\u00f6s toisia koiria tai ohitettavia ihmisi\u00e4\/autoja\/py\u00f6ri\u00e4 kohtaan, jahtaaminen, hihnassa vet\u00e4minen, eroahdistus, \u00e4\u00e4niarkuus, aggressiivinen\/arvaamaton k\u00e4yt\u00f6s, erilaiset pelkotilat, resurssiongelmat, hoitotoimenpideongelmat esim. kynsien leikkuu, tavaroiden ja kodin tuhoaminen, sis\u00e4lle tarpeiden tekeminen ulkoilusta huolimatta, matkustusongelmat autossa, karkailu, luoksetulo-ongelmat, n\u00e4ykkiminen jne. <\/span><\/p>\n<p><span>K\u00e4yt\u00f6sklinikalla pureudutaan ongelman syihin ja kartoitetaan mahdollisesti tarvittava koulutuksen tarve ja laajuus.<\/span><\/p>\n<p>[\/et_pb_text][\/et_pb_column][\/et_pb_row][\/et_pb_section][et_pb_section fb_built=&#8221;1&#8243; admin_label=&#8221;Text and Image&#8221; _builder_version=&#8221;4.16&#8243; background_color=&#8221;#f7f7f7&#8243; custom_padding=&#8221;110px|0px|110px|0px&#8221; global_colors_info=&#8221;{}&#8221;][et_pb_row column_structure=&#8221;1_2,1_2&#8243; _builder_version=&#8221;4.16&#8243; background_size=&#8221;initial&#8221; background_position=&#8221;top_left&#8221; background_repeat=&#8221;repeat&#8221; animation_direction=&#8221;left&#8221; global_colors_info=&#8221;{}&#8221;][et_pb_column type=&#8221;1_2&#8243; _builder_version=&#8221;4.16&#8243; custom_padding=&#8221;|||&#8221; global_colors_info=&#8221;{}&#8221; custom_padding__hover=&#8221;|||&#8221;][et_pb_text _builder_version=&#8221;4.25.0&#8243; text_font=&#8221;||||||||&#8221; text_text_color=&#8221;#747d88&#8243; text_font_size=&#8221;17px&#8221; text_line_height=&#8221;1.8em&#8221; header_font=&#8221;||||||||&#8221; header_3_font=&#8221;Montserrat||||||||&#8221; header_3_line_height=&#8221;1.5em&#8221; background_size=&#8221;initial&#8221; background_position=&#8221;top_left&#8221; background_repeat=&#8221;repeat&#8221; max_width=&#8221;700px&#8221; module_alignment=&#8221;center&#8221; custom_margin=&#8221;12px||||false|false&#8221; animation_style=&#8221;fade&#8221; animation_direction=&#8221;top&#8221; global_colors_info=&#8221;{}&#8221;]<\/p>\n<p><span>Muutos koiran k\u00e4yt\u00f6kseen saadaan parhaiten yksil\u00f6llinen l\u00e4ht\u00f6kohta huomioiden. K\u00e4yt\u00f6sklinikalla kartoitamme toiveesi ja tilanteesi, ja yhdess\u00e4 suunnitellen voimme l\u00f6yt\u00e4\u00e4 juuri sinulle ja koirallesi sopivimman koulutuskokonaisuuden. <\/span><\/p>\n<p><span>Yksityisopetusta on mahdollista saada koulutustiloissamme Perni\u00f6ss\u00e4, jolloin voimme harjoitella h\u00e4iri\u00f6tt\u00e4 rauhallisessa ymp\u00e4rist\u00f6ss\u00e4. Teemme my\u00f6s kotik\u00e4yntej\u00e4 mahdollisuuksien mukaan. <\/span><\/p>\n<p><span>Jos k\u00e4yt\u00f6sh\u00e4iri\u00f6n syyn\u00e4 on kipu, vamma tai sairaus, hy\u00f6dynn\u00e4mme apuna el\u00e4inl\u00e4\u00e4k\u00e4ri\u00e4.<\/span><\/p>\n<p>[\/et_pb_text][\/et_pb_column][et_pb_column type=&#8221;1_2&#8243; _builder_version=&#8221;4.16&#8243; custom_padding=&#8221;|||&#8221; global_colors_info=&#8221;{}&#8221; custom_padding__hover=&#8221;|||&#8221;][\/et_pb_column][\/et_pb_row][\/et_pb_section][et_pb_section fb_built=&#8221;1&#8243; admin_label=&#8221;Text and Image&#8221; _builder_version=&#8221;4.16&#8243; background_color=&#8221;#f7f7f7&#8243; custom_padding=&#8221;110px|0px|110px|0px&#8221; global_colors_info=&#8221;{}&#8221;][et_pb_row column_structure=&#8221;1_2,1_2&#8243; _builder_version=&#8221;4.16&#8243; background_size=&#8221;initial&#8221; background_position=&#8221;top_left&#8221; background_repeat=&#8221;repeat&#8221; animation_direction=&#8221;right&#8221; global_colors_info=&#8221;{}&#8221;][et_pb_column type=&#8221;1_2&#8243; _builder_version=&#8221;4.16&#8243; custom_padding=&#8221;|||&#8221; global_colors_info=&#8221;{}&#8221; custom_padding__hover=&#8221;|||&#8221;][\/et_pb_column][et_pb_column type=&#8221;1_2&#8243; _builder_version=&#8221;4.16&#8243; custom_padding=&#8221;|||&#8221; global_colors_info=&#8221;{}&#8221; custom_padding__hover=&#8221;|||&#8221;][et_pb_text _builder_version=&#8221;4.25.0&#8243; text_font=&#8221;||||||||&#8221; text_text_color=&#8221;#747d88&#8243; text_font_size=&#8221;17px&#8221; text_line_height=&#8221;1.8em&#8221; header_font=&#8221;||||||||&#8221; header_3_font=&#8221;Montserrat||||||||&#8221; header_3_line_height=&#8221;1.5em&#8221; background_size=&#8221;initial&#8221; background_position=&#8221;top_left&#8221; background_repeat=&#8221;repeat&#8221; max_width=&#8221;700px&#8221; module_alignment=&#8221;center&#8221; custom_margin=&#8221;-13px||||false|false&#8221; animation_style=&#8221;fade&#8221; animation_direction=&#8221;top&#8221; global_colors_info=&#8221;{}&#8221;]<\/p>\n<h3>Koulutusmenetelm\u00e4mme<\/h3>\n<p><span>Koulutusmenetelm\u00e4mme perustuvat k\u00e4ytt\u00e4ytymistieteisiin. Hy\u00f6dynn\u00e4mme opetuksessamme uusinta\u00a0tutkittua tietoa koirien k\u00e4ytt\u00e4ytymisest\u00e4, oppimisesta ja tarpeista. Noudatamme Suomen El\u00e4intenkouluttajat ry:n eettisi\u00e4 s\u00e4\u00e4nt\u00f6j\u00e4, ja koulutus sek\u00e4 el\u00e4imen k\u00e4sittely nojaavat luottamuksellisen suhteen rakentamiseen, onnistuneeseen kommunikointiin sek\u00e4 toivotun k\u00e4yt\u00f6ksen vahvistamiseen. <\/span><\/p>\n<p><span>K\u00e4yt\u00f6ss\u00e4si on yksityisopetuksessa kouluttajan lis\u00e4ksi my\u00f6s ohjaaja avustavan koiran kanssa, jolloin voit turvallisesti harjoitella esim. ohituksia vieraan koiran kanssa. Kohteena olevia\/ohitettavia avustavia koiria on k\u00e4yt\u00f6ss\u00e4si useita erilaisia, jolloin harjoittelu ei rajoitu vain yhden ja saman koiran ohittamiseen. My\u00f6s vastaehdollistaminen\/sied\u00e4tt\u00e4minen kohteisiin (esim autot, polkupy\u00f6r\u00e4t jne)\u00a0tapahtuu turvallisesti ja tehokkaasti, sill\u00e4 k\u00e4yt\u00f6ss\u00e4si on kouluttajan lis\u00e4ksi ajoneuvo ja ajoneuvon kuljettaja. N\u00e4in toistojen m\u00e4\u00e4r\u00e4 ja sopivan et\u00e4isyyden asettaminen ajoneuvoon n\u00e4hden sujuu mallikkaasti. Eroahdistusta hoidettaessa on mahdollista my\u00f6s koiran kuvaaminen sen yksin ollessa, jotta yksinolon pelkoa voidaan hoitaa mahdollisimman onnistuneesti koiran reaktiota seuraten.<\/span><\/p>\n<p>[\/et_pb_text][\/et_pb_column][\/et_pb_row][\/et_pb_section][et_pb_section fb_built=&#8221;1&#8243; admin_label=&#8221;Text and Image&#8221; _builder_version=&#8221;4.16&#8243; background_color=&#8221;#f7f7f7&#8243; custom_padding=&#8221;110px|0px|110px|0px&#8221; global_colors_info=&#8221;{}&#8221;][et_pb_row column_structure=&#8221;1_2,1_2&#8243; _builder_version=&#8221;4.16&#8243; background_size=&#8221;initial&#8221; background_position=&#8221;top_left&#8221; background_repeat=&#8221;repeat&#8221; animation_direction=&#8221;left&#8221; global_colors_info=&#8221;{}&#8221;][et_pb_column type=&#8221;1_2&#8243; _builder_version=&#8221;4.16&#8243; custom_padding=&#8221;|||&#8221; global_colors_info=&#8221;{}&#8221; custom_padding__hover=&#8221;|||&#8221;][et_pb_text _builder_version=&#8221;4.16&#8243; text_font=&#8221;||||||||&#8221; text_text_color=&#8221;#747d88&#8243; text_font_size=&#8221;17px&#8221; text_line_height=&#8221;1.8em&#8221; header_font=&#8221;||||||||&#8221; header_3_font=&#8221;Montserrat||||||||&#8221; header_3_line_height=&#8221;1.5em&#8221; background_size=&#8221;initial&#8221; background_position=&#8221;top_left&#8221; background_repeat=&#8221;repeat&#8221; max_width=&#8221;700px&#8221; module_alignment=&#8221;center&#8221; custom_margin=&#8221;120px|||&#8221; animation_style=&#8221;fade&#8221; animation_direction=&#8221;top&#8221; global_colors_info=&#8221;{}&#8221;]<\/p>\n<h3>Varaa aika konsultaatioon<\/h3>\n<p><strong>Varaamme ensimm\u00e4iseen k\u00e4yntiin aina v\u00e4hint\u00e4\u00e4n 2 tuntia.<\/strong> Mahdollisesti tarvittavat jatkok\u00e4ynnit voivat olla tunnin mittaisia. Saat k\u00e4ytt\u00f6\u00f6si my\u00f6s sinulle yksil\u00f6llisesti laaditun kirjallisen koulutussuunnitelman, jonka avulla harjoittelu sujuu luonnikkaasti my\u00f6s tapaamisten v\u00e4lill\u00e4. <strong>Voit halutettasi tilata yksityisohjausta my\u00f6s et\u00e4vastaanottona verkossa k\u00e4tev\u00e4n Zoom-videoyhteyspalvelun kautta.<\/strong><\/p>\n<p>L\u00e4mpim\u00e4sti tervetuloa juttelemaan ja l\u00f6yt\u00e4m\u00e4\u00e4n keinoja sujuvampaan arkeen koirasi kanssa!<\/p>\n<p>[\/et_pb_text][\/et_pb_column][et_pb_column type=&#8221;1_2&#8243; _builder_version=&#8221;4.16&#8243; custom_padding=&#8221;|||&#8221; global_colors_info=&#8221;{}&#8221; custom_padding__hover=&#8221;|||&#8221;][\/et_pb_column][\/et_pb_row][\/et_pb_section][et_pb_section fb_built=&#8221;1&#8243; admin_label=&#8221;Image and Text&#8221; _builder_version=&#8221;4.16&#8243; background_color=&#8221;#ffffff&#8221; custom_padding=&#8221;110px|0px|110px|0px&#8221; global_colors_info=&#8221;{}&#8221;][et_pb_row column_structure=&#8221;1_2,1_2&#8243; _builder_version=&#8221;4.16&#8243; background_size=&#8221;initial&#8221; background_position=&#8221;top_left&#8221; background_repeat=&#8221;repeat&#8221; global_colors_info=&#8221;{}&#8221;][et_pb_column type=&#8221;1_2&#8243; _builder_version=&#8221;4.16&#8243; custom_padding=&#8221;|||&#8221; global_colors_info=&#8221;{}&#8221; custom_padding__hover=&#8221;|||&#8221;][et_pb_image src=&#8221;https:\/\/ik9i.com\/fi\/wp-content\/uploads\/2024\/04\/IMG_6430.jpg&#8221; title_text=&#8221;IMG_6430&#8243; show_in_lightbox=&#8221;on&#8221; align_tablet=&#8221;center&#8221; align_phone=&#8221;center&#8221; align_last_edited=&#8221;on|desktop&#8221; _builder_version=&#8221;4.25.0&#8243; animation_style=&#8221;slide&#8221; animation_direction=&#8221;left&#8221; animation_intensity_slide=&#8221;10%&#8221; global_colors_info=&#8221;{}&#8221;][\/et_pb_image][\/et_pb_column][et_pb_column type=&#8221;1_2&#8243; _builder_version=&#8221;4.16&#8243; custom_padding=&#8221;|||&#8221; global_colors_info=&#8221;{}&#8221; custom_padding__hover=&#8221;|||&#8221;][et_pb_text _builder_version=&#8221;4.25.0&#8243; text_font=&#8221;||||||||&#8221; text_text_color=&#8221;#747d88&#8243; text_font_size=&#8221;20px&#8221; text_line_height=&#8221;1.8em&#8221; header_font=&#8221;||||||||&#8221; header_3_font=&#8221;Montserrat||||||||&#8221; header_3_line_height=&#8221;1.5em&#8221; background_size=&#8221;initial&#8221; background_position=&#8221;top_left&#8221; background_repeat=&#8221;repeat&#8221; max_width=&#8221;700px&#8221; module_alignment=&#8221;center&#8221; custom_margin=&#8221;-8px||||false|false&#8221; animation_style=&#8221;fade&#8221; animation_direction=&#8221;top&#8221; global_colors_info=&#8221;{}&#8221;]<\/p>\n<h3>Hinnasto<\/h3>\n<p>Ensimm\u00e4inen k\u00e4ynti (2h) 200\u20ac sis. alv 24%<\/p>\n<ul>\n<li>sis\u00e4lt\u00e4en kirjallisen koulutussuunnitelman ja mahdollisesti tarvittavan avustajan esim. ohituskohteeksi<\/li>\n<\/ul>\n<p>Seuraavat tunnit 100\u20ac\/h sis. alv 24%<\/p>\n<ul>\n<li>sis\u00e4lt\u00e4en kirjalliset jatko-ohjeet<\/li>\n<\/ul>\n<ul><\/ul>\n<p>Kotik\u00e4ynneill\u00e4 lis\u00e4t\u00e4\u00e4n matkakulut (km-korvaus)<\/p>\n<p>[\/et_pb_text][\/et_pb_column][\/et_pb_row][\/et_pb_section]<\/p>\n","protected":false},"excerpt":{"rendered":"<p>Ongelman ratkaisu jaK\u00e4yt\u00f6sklinikkaKoirien k\u00e4yt\u00f6sklinikka auttaa ja neuvoo koirien h\u00e4iri\u00f6k\u00e4yt\u00f6ksen hoidossa ja koulutuksessa, sek\u00e4 arjen taitojen opettelussa pennusta senioriin. Kun arki ei suju Tavallisia k\u00e4yt\u00f6sh\u00e4iri\u00f6it\u00e4 ovat mm. remmir\u00e4hj\u00e4\u00e4minen eli aggressiivinen k\u00e4yt\u00f6s toisia koiria tai ohitettavia ihmisi\u00e4\/autoja\/py\u00f6ri\u00e4 kohtaan, jahtaaminen, hihnassa vet\u00e4minen, eroahdistus, \u00e4\u00e4niarkuus, aggressiivinen\/arvaamaton k\u00e4yt\u00f6s, erilaiset pelkotilat, resurssiongelmat, hoitotoimenpideongelmat esim. kynsien leikkuu, tavaroiden ja kodin tuhoaminen, sis\u00e4lle [&hellip;]<\/p>\n","protected":false},"author":1,"featured_media":0,"parent":0,"menu_order":0,"comment_status":"closed","ping_status":"closed","template":"","meta":{"_et_pb_use_builder":"on","_et_pb_old_content":"","_et_gb_content_width":"","footnotes":""},"class_list":["post-342","page","type-page","status-publish","hentry"],"_links":{"self":[{"href":"https:\/\/ik9i.com\/fi\/wp-json\/wp\/v2\/pages\/342","targetHints":{"allow":["GET"]}}],"collection":[{"href":"https:\/\/ik9i.com\/fi\/wp-json\/wp\/v2\/pages"}],"about":[{"href":"https:\/\/ik9i.com\/fi\/wp-json\/wp\/v2\/types\/page"}],"author":[{"embeddable":true,"href":"https:\/\/ik9i.com\/fi\/wp-json\/wp\/v2\/users\/1"}],"replies":[{"embeddable":true,"href":"https:\/\/ik9i.com\/fi\/wp-json\/wp\/v2\/comments?post=342"}],"version-history":[{"count":9,"href":"https:\/\/ik9i.com\/fi\/wp-json\/wp\/v2\/pages\/342\/revisions"}],"predecessor-version":[{"id":2020,"href":"https:\/\/ik9i.com\/fi\/wp-json\/wp\/v2\/pages\/342\/revisions\/2020"}],"wp:attachment":[{"href":"https:\/\/ik9i.com\/fi\/wp-json\/wp\/v2\/media?parent=342"}],"curies":[{"name":"wp","href":"https:\/\/api.w.org\/{rel}","templated":true}]}}